{"id":580,"date":"2026-03-31T15:20:39","date_gmt":"2026-03-31T15:20:39","guid":{"rendered":"https:\/\/spvmotors.com\/?post_type=product&#038;p=580"},"modified":"2026-03-31T15:20:39","modified_gmt":"2026-03-31T15:20:39","slug":"bmw-serie-1-6","status":"publish","type":"product","link":"https:\/\/spvmotors.com\/index.php\/product\/bmw-serie-1-6\/","title":{"rendered":"BMW SERIE 1"},"content":{"rendered":"<p>Au service de ses clients, SPV MOTORS s\u2019engage \u00e0 vous proposer des v\u00e9hicules rigoureusement s\u00e9lectionn\u00e9s ainsi qu\u2019un accompagnement s\u00e9rieux et de qualit\u00e9.<\/p>\n<p>SPV MOTORS vous propose \u00e0 la vente cette Superbe BMW S\u00e9rie 1 118d 150 Ch Msport BVA8, Mise en circulation le 11-05-2017. Garantie 12 Mois.(Possibilit\u00e9 d&rsquo;extension de 6 \u00e0 48 mois dans le r\u00e9seau constructeur)<\/p>\n<p>*V\u00e9hicule Sous Garantie voir les conditions g\u00e9n\u00e9rales dans nos locaux*<\/p>\n<p>En tr\u00e8s bon \u00e9tat g\u00e9n\u00e9ral, int\u00e9rieur-ext\u00e9rieur tr\u00e8s propre et bien entretenu.<\/p>\n<p>&#8211; Moteur \u00e0 cha\u00eene distribution ( pas de courroie )<\/p>\n<p>&#8211; V\u00e9hicule Vendu Enti\u00e8rement R\u00e9vis\u00e9 Avec Contr\u00f4le Technique \u00e0 jour.<\/p>\n<p>Informations : \u2705<\/p>\n<p>&#8211; Crit&rsquo;Air 2<br \/>\n&#8211; Excellent \u00e9tat<br \/>\n&#8211; Double des clefs<br \/>\n&#8211; Histovec Disponible<br \/>\n&#8211; Kilom\u00e9trages Certifi\u00e9<br \/>\n&#8211; V\u00e9hicule d&rsquo;origine Fran\u00e7aise<br \/>\n&#8211; Carnet d&rsquo;entretien Compl\u00e9tement \u00e0 jour Chez BMW<\/p>\n<p>( LES EQUIPEMENTS )<\/p>\n<p>&#8211; Carplay<br \/>\n&#8211; Accoudoir<br \/>\n&#8211; Angel Eyes<br \/>\n&#8211; Phares X\u00e9non<br \/>\n&#8211; Volant Cuir<br \/>\n&#8211; Toit Ouvrant<br \/>\n&#8211; Allume cigare<br \/>\n&#8211; Cam\u00e9ra de Recul<br \/>\n&#8211; Jantes Alliage<br \/>\n&#8211; GPS *Navigation*<br \/>\n&#8211; D\u00e9tecteur de Pluie<br \/>\n&#8211; GPS Cartographique<br \/>\n&#8211; Airbags, ABS, Esp<br \/>\n&#8211; Direction assist\u00e9e<br \/>\n&#8211; Syst\u00e8me Start Stop<br \/>\n&#8211; Limiteur de Vitesse<br \/>\n&#8211; Volant Multifonction<br \/>\n&#8211; R\u00e9gulateur de vitesse<br \/>\n&#8211; Climatisation Automatique<br \/>\n&#8211; Projecteurs antibrouillard<br \/>\n&#8211; Boite de vitesse Automatique<br \/>\n&#8211; Appel d&rsquo;Urgence Intelligent<br \/>\n&#8211; Si\u00e8ges Sport Alcantara Msport<br \/>\n&#8211; Ciel de pavillon \u00ab\u00a0Anthrazit\u00a0\u00bb<br \/>\n&#8211; Mode Eco Pro\/ Confort \/ Sport<br \/>\n&#8211; R\u00e9glage des Phares Automatiques<br \/>\n&#8211; Aide Au Stationnement Avant et Arri\u00e8re<br \/>\n&#8211; R\u00e9troviseurs ext\u00e9rieurs \u00e0 att\u00e9nuation automatique<br \/>\n&#8211; 4 Vitres Electrique + R\u00e9tros R\u00e9glable \u00e9lectriques<br \/>\n&#8211; Syst\u00e8me Ecran Multim\u00e9dia Radio-Cd-Aux-USB-Bluetooth<\/p>\n<p>*&#8212;&#8212;&#8212; { AU PLAISIR DE VOUS RENCONTRER PROCHAINEMENT }&#8212;&#8212;&#8212;*<\/p>\n<p>&#8211; Nous restons \u00e0 votre enti\u00e8re disposition pour tout renseignement et pour une visite merci de nous contact\u00e9es pour prendre un Rendez-Vous.<\/p>\n<p>\ud83d\udccd Contact &amp; Informations<br \/>\n\ud83d\udccd Adresse : 23 Rue saglio, 67100 Strasbourg<br \/>\n\ud83d\udd52 Horaires d\u2019ouverture :<br \/>\nLundi &#8211; Vendredi : 9h30 &#8211; 12h00 \/ 14h00 &#8211; 18h00<br \/>\nSamedi : 10h00 &#8211; 14h00<br \/>\nDimanche et jours f\u00e9ri\u00e9s : sur rendez-vous<\/p>\n<p>\ud83d\udcde Contactez-nous pour une visite ou un essai !<br \/>\n\ud83d\ude86 Possibilit\u00e9 de venir vous chercher \u00e0 la gare, l\u2019a\u00e9roport ou la station de tramway la plus proche.<br \/>\n\ud83d\udcc4 Carte grise &amp; d\u00e9marches administratives prises en charge.<\/p>\n<p>\ud83d\udd27 Services du garage SPV MOTORS :<br \/>\n\u2705 Achat &#8211; Vente &#8211; Reprise toutes marques<br \/>\n\u2705 Entretien &#8211; R\u00e9parations &#8211; Diagnostic<br \/>\n\u2705 Polissage et r\u00e9novation d\u2019optiques<br \/>\n\u2705 Carte grise &amp; d\u00e9marches administratives<br \/>\n\u2705 Vente de pneus neufs toutes dimensions (livraison rapide)<\/p>\n<p>*IDEM Bmw X5 X4 X6 X3 X1 serie 1 3 114 116 118 120 GOLF 6 7 308 Audi A3 Q3 Q5 Q7 Mercedes GLE GLA GLS PORSCHE*<\/p>\n","protected":false},"excerpt":{"rendered":"<p data-start=\"166\" data-end=\"450\">La BMW S\u00e9rie 1 118d M Sport incarne parfaitement l\u2019esprit de la marque : sportivit\u00e9, \u00e9l\u00e9gance et plaisir de conduite. Avec sa motorisation diesel performante et \u00e9conomique, cette compacte premium offre un excellent compromis entre dynamisme, confort et consommation ma\u00eetris\u00e9e.<\/p>\n<div class=\"gap-md flex items-center\" data-test-id=\"criteria\" data-qa-id=\"criteria_item_u_car_brand\">\n<div class=\"flex w-1\/2 items-center\">\n<p class=\"text-caption opacity-dim-1\">Marque: <span style=\"font-size: 16px;\">BMW<\/span><\/p>\n<\/div>\n<\/div>\n<div class=\"gap-md flex items-center\" data-test-id=\"criteria\" data-qa-id=\"criteria_item_u_car_model\">\n<div class=\"flex w-1\/2 items-center\">\n<p class=\"text-caption opacity-dim-1\">Mod\u00e8le: <span style=\"font-size: 16px;\">S\u00e9rie 1<\/span><\/p>\n<\/div>\n<\/div>\n<div class=\"gap-md flex items-center\" data-test-id=\"criteria\" data-qa-id=\"criteria_item_regdate\">\n<div class=\"flex w-1\/2 items-center\">\n<p class=\"text-caption opacity-dim-1\">Ann\u00e9e mod\u00e8le: <span style=\"font-size: 16px;\">2017<\/span><\/p>\n<\/div>\n<\/div>\n<div class=\"gap-md flex items-center\" data-test-id=\"criteria\" data-qa-id=\"criteria_item_mileage\">\n<div class=\"flex w-1\/2 items-center\">\n<p class=\"text-caption opacity-dim-1\">Kilom\u00e9trage: <span style=\"font-size: 16px;\">131840 km<\/span><\/p>\n<\/div>\n<\/div>\n<div class=\"gap-md flex items-center\" data-test-id=\"criteria\" data-qa-id=\"criteria_item_fuel\">\n<div class=\"flex w-1\/2 items-center\">\n<p class=\"text-caption opacity-dim-1\">\u00c9nergie: <span style=\"font-size: 16px;\">Diesel<\/span><\/p>\n<\/div>\n<\/div>\n<div class=\"gap-md flex items-center\" data-test-id=\"criteria\" data-qa-id=\"criteria_item_gearbox\">\n<div class=\"flex w-1\/2 items-center\">\n<p class=\"text-caption opacity-dim-1\">Bo\u00eete de vitesse: <span style=\"font-size: 16px;\">Automatique<\/span><\/p>\n<\/div>\n<\/div>\n<div class=\"gap-md flex items-center\" data-test-id=\"criteria\" data-qa-id=\"criteria_item_doors\">\n<div class=\"flex w-1\/2 items-center\">\n<p class=\"text-caption opacity-dim-1\">Nombre de portes: <span style=\"font-size: 16px;\">5<\/span><\/p>\n<\/div>\n<\/div>\n<div class=\"flex w-1\/2 items-center\">\n<p class=\"text-caption opacity-dim-1\">R\u00e9f\u00e9rence: <span style=\"font-size: 16px;\">202634<\/span><\/p>\n<\/div>\n","protected":false},"featured_media":581,"template":"","meta":{"site-sidebar-layout":"default","site-content-layout":"","ast-site-content-layout":"default","site-content-style":"default","site-sidebar-style":"default","ast-global-header-display":"","ast-banner-title-visibility":"","ast-main-header-display":"","ast-hfb-above-header-display":"","ast-hfb-below-header-display":"","ast-hfb-mobile-header-display":"","site-post-title":"","ast-breadcrumbs-content":"","ast-featured-img":"","footer-sml-layout":"","theme-transparent-header-meta":"default","adv-header-id-meta":"","stick-header-meta":"","header-above-stick-meta":"","header-main-stick-meta":"","header-below-stick-meta":"","astra-migrate-meta-layouts":"set","ast-page-background-enabled":"default","ast-page-background-meta":{"desktop":{"background-color":"var(--ast-global-color-5)","background-image":"","background-repeat":"repeat","background-position":"center center","background-size":"auto","background-attachment":"scroll","background-type":"","background-media":"","overlay-type":"","overlay-color":"","overlay-opacity":"","overlay-gradient":""},"tablet":{"background-color":"","background-image":"","background-repeat":"repeat","background-position":"center center","background-size":"auto","background-attachment":"scroll","background-type":"","background-media":"","overlay-type":"","overlay-color":"","overlay-opacity":"","overlay-gradient":""},"mobile":{"background-color":"","background-image":"","background-repeat":"repeat","background-position":"center center","background-size":"auto","background-attachment":"scroll","background-type":"","background-media":"","overlay-type":"","overlay-color":"","overlay-opacity":"","overlay-gradient":""}},"ast-content-background-meta":{"desktop":{"background-color":"var(--ast-global-color-4)","background-image":"","background-repeat":"repeat","background-position":"center center","background-size":"auto","background-attachment":"scroll","background-type":"","background-media":"","overlay-type":"","overlay-color":"","overlay-opacity":"","overlay-gradient":""},"tablet":{"background-color":"var(--ast-global-color-4)","background-image":"","background-repeat":"repeat","background-position":"center center","background-size":"auto","background-attachment":"scroll","background-type":"","background-media":"","overlay-type":"","overlay-color":"","overlay-opacity":"","overlay-gradient":""},"mobile":{"background-color":"var(--ast-global-color-4)","background-image":"","background-repeat":"repeat","background-position":"center center","background-size":"auto","background-attachment":"scroll","background-type":"","background-media":"","overlay-type":"","overlay-color":"","overlay-opacity":"","overlay-gradient":""}}},"product_brand":[17],"product_cat":[18],"product_tag":[],"class_list":{"0":"post-580","1":"product","2":"type-product","3":"status-publish","4":"has-post-thumbnail","6":"product_brand-bmw","7":"product_cat-vehicule","8":"desktop-align-left","9":"tablet-align-left","10":"mobile-align-left","12":"first","13":"instock","14":"shipping-taxable","15":"purchasable","16":"product-type-simple"},"jetpack_sharing_enabled":true,"_links":{"self":[{"href":"https:\/\/spvmotors.com\/index.php\/wp-json\/wp\/v2\/product\/580","targetHints":{"allow":["GET"]}}],"collection":[{"href":"https:\/\/spvmotors.com\/index.php\/wp-json\/wp\/v2\/product"}],"about":[{"href":"https:\/\/spvmotors.com\/index.php\/wp-json\/wp\/v2\/types\/product"}],"wp:featuredmedia":[{"embeddable":true,"href":"https:\/\/spvmotors.com\/index.php\/wp-json\/wp\/v2\/media\/581"}],"wp:attachment":[{"href":"https:\/\/spvmotors.com\/index.php\/wp-json\/wp\/v2\/media?parent=580"}],"wp:term":[{"taxonomy":"product_brand","embeddable":true,"href":"https:\/\/spvmotors.com\/index.php\/wp-json\/wp\/v2\/product_brand?post=580"},{"taxonomy":"product_cat","embeddable":true,"href":"https:\/\/spvmotors.com\/index.php\/wp-json\/wp\/v2\/product_cat?post=580"},{"taxonomy":"product_tag","embeddable":true,"href":"https:\/\/spvmotors.com\/index.php\/wp-json\/wp\/v2\/product_tag?post=580"}],"curies":[{"name":"wp","href":"https:\/\/api.w.org\/{rel}","templated":true}]}}