{"id":563,"date":"2026-03-25T16:53:56","date_gmt":"2026-03-25T16:53:56","guid":{"rendered":"https:\/\/spvmotors.com\/?post_type=product&#038;p=563"},"modified":"2026-03-25T16:53:56","modified_gmt":"2026-03-25T16:53:56","slug":"bmw-serie-1-5","status":"publish","type":"product","link":"https:\/\/spvmotors.com\/index.php\/product\/bmw-serie-1-5\/","title":{"rendered":"BMW SERIE 1"},"content":{"rendered":"<p>Au service de ses clients, SPV MOTORS s\u2019engage \u00e0 vous proposer des v\u00e9hicules rigoureusement s\u00e9lectionn\u00e9s ainsi qu\u2019un accompagnement s\u00e9rieux et de qualit\u00e9.<\/p>\n<p>SPV MOTORS vous propose \u00e0 la vente cette Superbe BMW S\u00e9rie 1 F20 116 i 136 Cv F20, 1\u00e8re Mise en circulation le 04\/07\/2012, Garantie 12 Mois.(Possibilit\u00e9 d&rsquo;extension de 6 \u00e0 48 mois dans le r\u00e9seau constructeur)<\/p>\n<p>V\u00e9hicule tr\u00e8s \u00c9conomique et bien entretenue.<\/p>\n<p>*V\u00e9hicule Sous Garantie voir les conditions g\u00e9n\u00e9rales dans nos locaux*<\/p>\n<p>En tr\u00e8s bon \u00e9tat g\u00e9n\u00e9ral, int\u00e9rieur-ext\u00e9rieur tr\u00e8s propre et bien entretenu.<\/p>\n<p>&#8211; Carnet d&rsquo;entretien \u00e0 jour. ( Kilom\u00e9trages Certifi\u00e9 )<\/p>\n<p>&#8211; Moteur \u00e0 cha\u00eene distribution ( pas de courroie )<\/p>\n<p>&#8211; V\u00e9hicule vendu enti\u00e8rement r\u00e9vis\u00e9 avec contr\u00f4le technique \u00e0 jour.<\/p>\n<p>( LES EQUIPEMENTS )<\/p>\n<p>&#8211; Accoudoir<br \/>\n&#8211; Crit&rsquo;Air 1<br \/>\n&#8211; Allume cigare<br \/>\n&#8211; Jantes Alliage<br \/>\n&#8211; Si\u00e8ges chauffants<br \/>\n&#8211; Airbags, ABS, Esp<br \/>\n&#8211; Direction assist\u00e9e<br \/>\n&#8211; Ordinateur de bord<br \/>\n&#8211; Syst\u00e8me Start Stop<br \/>\n&#8211; D\u00e9marrage sans Cl\u00e9s<br \/>\n&#8211; Climatisation Automatique<br \/>\n&#8211; Mode Eco + Confort + Sport<br \/>\n&#8211; Syst\u00e8me Multim\u00e9dia (Radio-Cd-Mp3-Aux)<br \/>\n&#8211; Doubles cl\u00e9 T\u00e9l\u00e9commandes \u00e0 distance<br \/>\n&#8211; 4 Vitres + R\u00e9tros R\u00e9glable \u00e9lectriques<br \/>\n&#8211; Boite de vitesse 6 rapports, Economique<\/p>\n<p>*&#8212;&#8212;&#8212; { AU PLAISIR DE VOUS RENCONTRER PROCHAINEMENT }&#8212;&#8212;&#8212;*<\/p>\n<p>&#8211; Nous restons \u00e0 votre enti\u00e8re disposition pour tout renseignement et pour une visite merci de nous contact\u00e9es pour prendre un Rendez-Vous.<\/p>\n<p>\ud83d\udccd Contact &amp; Informations<br \/>\n\ud83d\udccd Adresse : 23 Rue saglio, 67100 Strasbourg<br \/>\n\ud83d\udd52 Horaires d\u2019ouverture :<br \/>\nLundi &#8211; Vendredi : 9h30 &#8211; 12h00 \/ 14h00 &#8211; 18h00<br \/>\nSamedi : 09h30 &#8211; 14h00<br \/>\nDimanche et jours f\u00e9ri\u00e9s : sur rendez-vous<\/p>\n<p>\ud83d\udcde Contactez-nous pour une visite ou un essai !<br \/>\n\ud83d\ude86 Possibilit\u00e9 de venir vous chercher \u00e0 la gare, l\u2019a\u00e9roport ou la station de tramway la plus proche.<br \/>\n\ud83d\udcc4 Carte grise &amp; d\u00e9marches administratives prises en charge.<\/p>\n<p>\ud83d\udd27 Services du garage SPV MOTORS :<br \/>\n\u2705 Achat &#8211; Vente &#8211; Reprise toutes marques<br \/>\n\u2705 Entretien &#8211; R\u00e9parations &#8211; Diagnostic<br \/>\n\u2705 Polissage et r\u00e9novation d\u2019optiques<br \/>\n\u2705 Carte grise &amp; d\u00e9marches administratives<br \/>\n\u2705 Vente de pneus neufs toutes dimensions (livraison rapide)<\/p>\n<p>*IDEM Bmw X5 X4 X6 X3 X1 serie 1 3 114 116 118 120 GOLF 6 7 308 Audi A3 Q3 Q5 Q7 Mercedes GLE GLA GLS PORSCHE<\/p>\n","protected":false},"excerpt":{"rendered":"<p>BMW S\u00e9rie 1 F20 de 2012, compacte premium au look sportif et \u00e9l\u00e9gant. Agr\u00e9able \u00e0 conduire, elle offre une tenue de route pr\u00e9cise et un excellent confort au quotidien. Int\u00e9rieur soign\u00e9 avec des mat\u00e9riaux de qualit\u00e9, position de conduite typiquement BMW. V\u00e9hicule fiable, id\u00e9al aussi bien pour la ville que pour la route.<\/p>\n<p>&nbsp;<\/p>\n<div class=\"gap-md flex items-center\" data-test-id=\"criteria\" data-qa-id=\"criteria_item_u_car_brand\">\n<div class=\"flex w-1\/2 items-center\">\n<p class=\"text-caption opacity-dim-1\">Marque:\u00a0BMW<\/p>\n<\/div>\n<\/div>\n<div class=\"gap-md flex items-center\" data-test-id=\"criteria\" data-qa-id=\"criteria_item_u_car_model\">\n<div class=\"flex w-1\/2 items-center\">\n<p class=\"text-caption opacity-dim-1\">Mod\u00e8le:\u00a0S\u00e9rie 1<\/p>\n<\/div>\n<\/div>\n<div class=\"gap-md flex items-center\" data-test-id=\"criteria\" data-qa-id=\"criteria_item_regdate\">\n<div class=\"flex w-1\/2 items-center\">\n<p class=\"text-caption opacity-dim-1\">Ann\u00e9e mod\u00e8le: 2012<\/p>\n<\/div>\n<\/div>\n<div class=\"gap-md flex items-center\" data-test-id=\"criteria\" data-qa-id=\"criteria_item_mileage\">\n<div class=\"flex w-1\/2 items-center\">\n<p class=\"text-caption opacity-dim-1\">Kilom\u00e9trage: 128255 km<\/p>\n<\/div>\n<\/div>\n<div class=\"gap-md flex items-center\" data-test-id=\"criteria\" data-qa-id=\"criteria_item_fuel\">\n<div class=\"flex w-1\/2 items-center\">\n<p class=\"text-caption opacity-dim-1\">\u00c9nergie:\u00a0Essence<\/p>\n<\/div>\n<\/div>\n<div class=\"gap-md flex items-center\" data-test-id=\"criteria\" data-qa-id=\"criteria_item_gearbox\">\n<div class=\"flex w-1\/2 items-center\">\n<p class=\"text-caption opacity-dim-1\">Bo\u00eete de vitesse: Manuelle<\/p>\n<\/div>\n<div class=\"text-body-1 flex w-1\/2 truncate font-bold\" title=\"Bo\u00eete de vitesse\">\n<div class=\"gap-x-sm flex items-center\" data-test-id=\"truncated-wrapper\">\n<div class=\"flex w-1\/2 items-center\">\n<p class=\"text-caption opacity-dim-1\">R\u00e9f\u00e9rence: 202632<\/p>\n<\/div>\n<\/div>\n<\/div>\n<\/div>\n","protected":false},"featured_media":564,"template":"","meta":{"site-sidebar-layout":"default","site-content-layout":"","ast-site-content-layout":"default","site-content-style":"default","site-sidebar-style":"default","ast-global-header-display":"","ast-banner-title-visibility":"","ast-main-header-display":"","ast-hfb-above-header-display":"","ast-hfb-below-header-display":"","ast-hfb-mobile-header-display":"","site-post-title":"","ast-breadcrumbs-content":"","ast-featured-img":"","footer-sml-layout":"","theme-transparent-header-meta":"default","adv-header-id-meta":"","stick-header-meta":"","header-above-stick-meta":"","header-main-stick-meta":"","header-below-stick-meta":"","astra-migrate-meta-layouts":"set","ast-page-background-enabled":"default","ast-page-background-meta":{"desktop":{"background-color":"var(--ast-global-color-5)","background-image":"","background-repeat":"repeat","background-position":"center center","background-size":"auto","background-attachment":"scroll","background-type":"","background-media":"","overlay-type":"","overlay-color":"","overlay-opacity":"","overlay-gradient":""},"tablet":{"background-color":"","background-image":"","background-repeat":"repeat","background-position":"center center","background-size":"auto","background-attachment":"scroll","background-type":"","background-media":"","overlay-type":"","overlay-color":"","overlay-opacity":"","overlay-gradient":""},"mobile":{"background-color":"","background-image":"","background-repeat":"repeat","background-position":"center center","background-size":"auto","background-attachment":"scroll","background-type":"","background-media":"","overlay-type":"","overlay-color":"","overlay-opacity":"","overlay-gradient":""}},"ast-content-background-meta":{"desktop":{"background-color":"var(--ast-global-color-4)","background-image":"","background-repeat":"repeat","background-position":"center center","background-size":"auto","background-attachment":"scroll","background-type":"","background-media":"","overlay-type":"","overlay-color":"","overlay-opacity":"","overlay-gradient":""},"tablet":{"background-color":"var(--ast-global-color-4)","background-image":"","background-repeat":"repeat","background-position":"center center","background-size":"auto","background-attachment":"scroll","background-type":"","background-media":"","overlay-type":"","overlay-color":"","overlay-opacity":"","overlay-gradient":""},"mobile":{"background-color":"var(--ast-global-color-4)","background-image":"","background-repeat":"repeat","background-position":"center center","background-size":"auto","background-attachment":"scroll","background-type":"","background-media":"","overlay-type":"","overlay-color":"","overlay-opacity":"","overlay-gradient":""}}},"product_brand":[17],"product_cat":[18],"product_tag":[],"class_list":{"0":"post-563","1":"product","2":"type-product","3":"status-publish","4":"has-post-thumbnail","6":"product_brand-bmw","7":"product_cat-vehicule","8":"desktop-align-left","9":"tablet-align-left","10":"mobile-align-left","12":"first","13":"instock","14":"shipping-taxable","15":"purchasable","16":"product-type-simple"},"jetpack_sharing_enabled":true,"_links":{"self":[{"href":"https:\/\/spvmotors.com\/index.php\/wp-json\/wp\/v2\/product\/563","targetHints":{"allow":["GET"]}}],"collection":[{"href":"https:\/\/spvmotors.com\/index.php\/wp-json\/wp\/v2\/product"}],"about":[{"href":"https:\/\/spvmotors.com\/index.php\/wp-json\/wp\/v2\/types\/product"}],"wp:featuredmedia":[{"embeddable":true,"href":"https:\/\/spvmotors.com\/index.php\/wp-json\/wp\/v2\/media\/564"}],"wp:attachment":[{"href":"https:\/\/spvmotors.com\/index.php\/wp-json\/wp\/v2\/media?parent=563"}],"wp:term":[{"taxonomy":"product_brand","embeddable":true,"href":"https:\/\/spvmotors.com\/index.php\/wp-json\/wp\/v2\/product_brand?post=563"},{"taxonomy":"product_cat","embeddable":true,"href":"https:\/\/spvmotors.com\/index.php\/wp-json\/wp\/v2\/product_cat?post=563"},{"taxonomy":"product_tag","embeddable":true,"href":"https:\/\/spvmotors.com\/index.php\/wp-json\/wp\/v2\/product_tag?post=563"}],"curies":[{"name":"wp","href":"https:\/\/api.w.org\/{rel}","templated":true}]}}