{"id":464,"date":"2026-01-27T09:36:33","date_gmt":"2026-01-27T09:36:33","guid":{"rendered":"https:\/\/spvmotors.com\/?post_type=product&#038;p=464"},"modified":"2026-01-27T09:36:34","modified_gmt":"2026-01-27T09:36:34","slug":"audi-s3","status":"publish","type":"product","link":"https:\/\/spvmotors.com\/index.php\/product\/audi-s3\/","title":{"rendered":"AUDI S3"},"content":{"rendered":"<p>Au service de ses clients, SPV MOTORS s\u2019engage \u00e0 vous proposer des v\u00e9hicules rigoureusement s\u00e9lectionn\u00e9s ainsi qu\u2019un accompagnement s\u00e9rieux et de qualit\u00e9.<\/p>\n<p>SPV MOTORS vous propose \u00e0 la vente cette Superbe Audi S3 Quattro 2.0 TFSI 310 Ch, 20cv, 5 portes, mise en circulation le 08-06-2017,Garantie 12 Mois.(Possibilit\u00e9 d&rsquo;extension de 6 \u00e0 48 mois dans le r\u00e9seau constructeur)<\/p>\n<p>*V\u00e9hicule Sous Garantie voir les conditions g\u00e9n\u00e9rales dans nos locaux*<\/p>\n<p>En tr\u00e8s bon \u00e9tat g\u00e9n\u00e9ral, int\u00e9rieur-ext\u00e9rieur tr\u00e8s propre et bien entretenu.<\/p>\n<p>&#8211; V\u00e9hicule Vendu Enti\u00e8rement R\u00e9vis\u00e9 Avec Contr\u00f4le Technique \u00e0 jour.<\/p>\n<p>Informations : \u2705<\/p>\n<p>&#8211; 2\u00e8me Mains<br \/>\n&#8211; Crit&rsquo;Air 1<br \/>\n&#8211; Pas de Malus<br \/>\n&#8211; Excellent \u00e9tat<br \/>\n&#8211; Double des clefs<br \/>\n&#8211; Histovec disponible<br \/>\n&#8211; D&rsquo;origine Fran\u00e7aise<br \/>\n&#8211; Kilom\u00e9trages Certifi\u00e9<br \/>\n&#8211; Carvertical Disponible<br \/>\n&#8211; Garantie 12 Mois Chez le Constructeur<br \/>\n&#8211; Vidange de Boite de vitesse d\u00e9j\u00e0 effectu\u00e9<br \/>\n&#8211; Carnet d&rsquo;entretien Compl\u00e9tement \u00e0 jour chez Audi<\/p>\n<p>( LES EQUIPEMENTS )<\/p>\n<p>&#8211; Accoudoir<br \/>\n&#8211; Allume cigare<br \/>\n&#8211; Jantes Alliage<br \/>\n&#8211; Phares X\u00e9non Plus<br \/>\n&#8211; Si\u00e8ges Chauffants<br \/>\n&#8211; Coussin gonflable<br \/>\n&#8211; Airbags, ABS, Esp<br \/>\n&#8211; Direction assist\u00e9e<br \/>\n&#8211; Peinture m\u00e9tallis\u00e9e<br \/>\n&#8211; Ordinateur de bord<br \/>\n&#8211; D\u00e9tecteur de pluie<br \/>\n&#8211; Syst\u00e8me Start Stop<br \/>\n&#8211; Audi Virtual Cockpit<br \/>\n&#8211; Limiteur de Vitesse<br \/>\n&#8211; Toit Ouvrant Panoramique<br \/>\n&#8211; Syst\u00e8me Navigation *GPS*<br \/>\n&#8211; Climatisation Automatique<br \/>\n&#8211; Aide au d\u00e9marrage en c\u00f4te<br \/>\n&#8211; Sound-System Bang &amp; Olufsen<br \/>\n&#8211; Ciel de pavillon \u00ab\u00a0Anthrazit\u00a0\u00bb<br \/>\n&#8211; Palettes de changement de rapport<br \/>\n&#8211; Mode Efficient\/ Confort \/ Dynamic<br \/>\n&#8211; Volant 3 Branches + MULTIFONCTION<br \/>\n&#8211; MMI Navigation Plus avec MMI Touch<br \/>\n&#8211; R\u00e9gulateur de vitesse adaptatif ACC<br \/>\n&#8211; Doubles cl\u00e9 T\u00e9l\u00e9commandes \u00e0 distance<br \/>\n&#8211; Assistant changement de file (side assist)<br \/>\n&#8211; Protection anti-soul\u00e8vement \/ anti-remorquage<br \/>\n&#8211; R\u00e9troviseurs Rabattable Electrique et D\u00e9givrants<br \/>\n&#8211; Si\u00e8ges Sport RS Cuir Avec Surpiqures Nid d&rsquo;abeille<br \/>\n&#8211; FRONT ASSIST : le v\u00e9hicule freine en cas d&rsquo;urgence<br \/>\n&#8211; Assistant maintien de trajectoire (active lane assist)<br \/>\n&#8211; Aide Au Stationnement Avant et Arri\u00e8re Avec Cam\u00e9ra de Recul<br \/>\n&#8211; Frein de parking \u00e9lectrique avec fonction \u00ab\u00a0Automatic Hold\u00a0\u00bb<br \/>\n&#8211; Audi Smartphone Interface (Apple CarPlay ou Android Auto)<br \/>\n&#8211; Syst\u00e8me Radio-Cd-Aux-USB-Bluetooth-Pack Connectivity Audi Phone Box<\/p>\n<p>*&#8212;&#8212;&#8212; { AU PLAISIR DE VOUS RENCONTRER PROCHAINEMENT }&#8212;&#8212;&#8212;*<\/p>\n<p>&#8211; Nous restons \u00e0 votre enti\u00e8re disposition pour tout renseignement et pour une visite merci de nous contact\u00e9es pour prendre un Rendez-Vous.<\/p>\n<p>\ud83d\udccd Contact &amp; Informations<br \/>\n\ud83d\udccd Adresse : 23 Rue saglio, 67100 Strasbourg<br \/>\n\ud83d\udd52 Horaires d\u2019ouverture :<br \/>\nLundi &#8211; Vendredi : 9h30 &#8211; 12h00 \/ 14h00 &#8211; 18h00<br \/>\nSamedi : 10h00 &#8211; 14h00<br \/>\nDimanche et jours f\u00e9ri\u00e9s : sur rendez-vous<\/p>\n<p>\ud83d\udcde Contactez-nous pour une visite ou un essai !<br \/>\n\ud83d\ude86 Possibilit\u00e9 de venir vous chercher \u00e0 la gare, l\u2019a\u00e9roport ou la station de tramway la plus proche.<br \/>\n\ud83d\udcc4 Carte grise &amp; d\u00e9marches administratives prises en charge.<\/p>\n<p>\ud83d\udd27 Services du garage SPV MOTORS :<br \/>\n\u2705 Achat &#8211; Vente &#8211; Reprise toutes marques<br \/>\n\u2705 Entretien &#8211; R\u00e9parations &#8211; Diagnostic<br \/>\n\u2705 Polissage et r\u00e9novation d\u2019optiques<br \/>\n\u2705 Carte grise &amp; d\u00e9marches administratives<br \/>\n\u2705 Vente de pneus neufs toutes dimensions (livraison rapide)<\/p>\n<p>*IDEM Bmw X5 X4 X6 X3 X1 serie 1 3 114 116 118 120 GOLF 6 7 308 Audi A3 Q3 Q5 Q7 Mercedes GLE GLA GLS PORSCHE*<\/p>\n","protected":false},"excerpt":{"rendered":"<p>Compacte sportive au caract\u00e8re affirm\u00e9, offrant des performances \u00e9lev\u00e9es et une tenue de route exceptionnelle gr\u00e2ce \u00e0 la transmission Quattro. Confort de conduite, finitions premium et agr\u00e9ment au quotidien. V\u00e9hicule \u00e9quilibr\u00e9 entre sportivit\u00e9 et \u00e9l\u00e9gance.<\/p>\n<div class=\"gap-md flex items-center\" data-test-id=\"criteria\" data-qa-id=\"criteria_item_u_car_brand\">\n<div class=\"flex w-1\/2 items-center\">\n<p class=\"text-caption opacity-dim-1\">Marque: <span style=\"font-size: 16px;\">AUDI<\/span><\/p>\n<\/div>\n<\/div>\n<div class=\"gap-md flex items-center\" data-test-id=\"criteria\" data-qa-id=\"criteria_item_u_car_model\">\n<div class=\"flex w-1\/2 items-center\">\n<p class=\"text-caption opacity-dim-1\">Mod\u00e8le: <span style=\"font-size: 16px;\">S3<\/span><\/p>\n<\/div>\n<\/div>\n<div class=\"gap-md flex items-center\" data-test-id=\"criteria\" data-qa-id=\"criteria_item_regdate\">\n<div class=\"flex w-1\/2 items-center\">\n<p class=\"text-caption opacity-dim-1\">Ann\u00e9e mod\u00e8le: <span style=\"font-size: 16px;\">2017<\/span><\/p>\n<\/div>\n<\/div>\n<div class=\"gap-md flex items-center\" data-test-id=\"criteria\" data-qa-id=\"criteria_item_mileage\">\n<div class=\"flex w-1\/2 items-center\">\n<p class=\"text-caption opacity-dim-1\">Kilom\u00e9trage: <span style=\"font-size: 16px;\">81900 km<\/span><\/p>\n<\/div>\n<\/div>\n<div class=\"gap-md flex items-center\" data-test-id=\"criteria\" data-qa-id=\"criteria_item_fuel\">\n<div class=\"flex w-1\/2 items-center\">\n<p class=\"text-caption opacity-dim-1\">\u00c9nergie: <span style=\"font-size: 16px;\">Essence<\/span><\/p>\n<\/div>\n<\/div>\n<div class=\"gap-md flex items-center\" data-test-id=\"criteria\" data-qa-id=\"criteria_item_gearbox\">\n<div class=\"flex w-1\/2 items-center\">\n<p class=\"text-caption opacity-dim-1\">Bo\u00eete de vitesse: <span style=\"font-size: 16px;\">Automatique<\/span><\/p>\n<\/div>\n<\/div>\n<div class=\"gap-md flex items-center\" data-test-id=\"criteria\" data-qa-id=\"criteria_item_doors\">\n<div class=\"flex w-1\/2 items-center\">\n<p class=\"text-caption opacity-dim-1\">Nombre de portes: <span style=\"font-size: 16px;\">5<\/span><\/p>\n<p><span style=\"font-size: 16px;\">R\u00e9f\u00e9rence: <\/span><span style=\"font-size: 16px;\">20267<\/span><\/p>\n<p>&nbsp;<\/p>\n<\/div>\n<\/div>\n<div class=\"gap-md flex items-center\" data-test-id=\"criteria\" data-qa-id=\"criteria_item_seats\">\n<div class=\"flex w-1\/2 items-center\"><\/div>\n<div class=\"text-body-1 flex w-1\/2 truncate font-bold\" title=\"Nombre de place(s)\">\n<div class=\"gap-x-sm flex items-center\" data-test-id=\"truncated-wrapper\">\n<p class=\"text-body-1 truncate font-bold\" title=\"5\">\n<\/div>\n<\/div>\n<\/div>\n","protected":false},"featured_media":465,"template":"","meta":{"site-sidebar-layout":"default","site-content-layout":"","ast-site-content-layout":"default","site-content-style":"default","site-sidebar-style":"default","ast-global-header-display":"","ast-banner-title-visibility":"","ast-main-header-display":"","ast-hfb-above-header-display":"","ast-hfb-below-header-display":"","ast-hfb-mobile-header-display":"","site-post-title":"","ast-breadcrumbs-content":"","ast-featured-img":"","footer-sml-layout":"","theme-transparent-header-meta":"default","adv-header-id-meta":"","stick-header-meta":"","header-above-stick-meta":"","header-main-stick-meta":"","header-below-stick-meta":"","astra-migrate-meta-layouts":"set","ast-page-background-enabled":"default","ast-page-background-meta":{"desktop":{"background-color":"var(--ast-global-color-5)","background-image":"","background-repeat":"repeat","background-position":"center center","background-size":"auto","background-attachment":"scroll","background-type":"","background-media":"","overlay-type":"","overlay-color":"","overlay-opacity":"","overlay-gradient":""},"tablet":{"background-color":"","background-image":"","background-repeat":"repeat","background-position":"center center","background-size":"auto","background-attachment":"scroll","background-type":"","background-media":"","overlay-type":"","overlay-color":"","overlay-opacity":"","overlay-gradient":""},"mobile":{"background-color":"","background-image":"","background-repeat":"repeat","background-position":"center center","background-size":"auto","background-attachment":"scroll","background-type":"","background-media":"","overlay-type":"","overlay-color":"","overlay-opacity":"","overlay-gradient":""}},"ast-content-background-meta":{"desktop":{"background-color":"var(--ast-global-color-4)","background-image":"","background-repeat":"repeat","background-position":"center center","background-size":"auto","background-attachment":"scroll","background-type":"","background-media":"","overlay-type":"","overlay-color":"","overlay-opacity":"","overlay-gradient":""},"tablet":{"background-color":"var(--ast-global-color-4)","background-image":"","background-repeat":"repeat","background-position":"center center","background-size":"auto","background-attachment":"scroll","background-type":"","background-media":"","overlay-type":"","overlay-color":"","overlay-opacity":"","overlay-gradient":""},"mobile":{"background-color":"var(--ast-global-color-4)","background-image":"","background-repeat":"repeat","background-position":"center center","background-size":"auto","background-attachment":"scroll","background-type":"","background-media":"","overlay-type":"","overlay-color":"","overlay-opacity":"","overlay-gradient":""}}},"product_brand":[25],"product_cat":[18],"product_tag":[],"class_list":{"0":"post-464","1":"product","2":"type-product","3":"status-publish","4":"has-post-thumbnail","6":"product_brand-audi","7":"product_cat-vehicule","8":"desktop-align-left","9":"tablet-align-left","10":"mobile-align-left","12":"first","13":"instock","14":"shipping-taxable","15":"purchasable","16":"product-type-simple"},"jetpack_sharing_enabled":true,"_links":{"self":[{"href":"https:\/\/spvmotors.com\/index.php\/wp-json\/wp\/v2\/product\/464","targetHints":{"allow":["GET"]}}],"collection":[{"href":"https:\/\/spvmotors.com\/index.php\/wp-json\/wp\/v2\/product"}],"about":[{"href":"https:\/\/spvmotors.com\/index.php\/wp-json\/wp\/v2\/types\/product"}],"wp:featuredmedia":[{"embeddable":true,"href":"https:\/\/spvmotors.com\/index.php\/wp-json\/wp\/v2\/media\/465"}],"wp:attachment":[{"href":"https:\/\/spvmotors.com\/index.php\/wp-json\/wp\/v2\/media?parent=464"}],"wp:term":[{"taxonomy":"product_brand","embeddable":true,"href":"https:\/\/spvmotors.com\/index.php\/wp-json\/wp\/v2\/product_brand?post=464"},{"taxonomy":"product_cat","embeddable":true,"href":"https:\/\/spvmotors.com\/index.php\/wp-json\/wp\/v2\/product_cat?post=464"},{"taxonomy":"product_tag","embeddable":true,"href":"https:\/\/spvmotors.com\/index.php\/wp-json\/wp\/v2\/product_tag?post=464"}],"curies":[{"name":"wp","href":"https:\/\/api.w.org\/{rel}","templated":true}]}}