{"id":414,"date":"2026-01-23T14:39:59","date_gmt":"2026-01-23T14:39:59","guid":{"rendered":"http:\/\/spvmotors.com\/?post_type=product&#038;p=414"},"modified":"2026-01-23T14:39:59","modified_gmt":"2026-01-23T14:39:59","slug":"bmw-x5-g05-msport","status":"publish","type":"product","link":"https:\/\/spvmotors.com\/index.php\/product\/bmw-x5-g05-msport\/","title":{"rendered":"BMW X5 G05 MSPORT"},"content":{"rendered":"<p>Au service de ses clients, SPV MOTORS s\u2019engage \u00e0 vous proposer des v\u00e9hicules rigoureusement s\u00e9lectionn\u00e9s ainsi qu\u2019un accompagnement s\u00e9rieux et de qualit\u00e9.<\/p>\n<p>SPV MOTORS vous propose \u00e0 la vente cette Superbe Bmw X5 30D G05 265ch M Sport, Mise en circulation le 31\/10\/2018, Garantie 12 Mois.(Possibilit\u00e9 d&rsquo;extension de 6 \u00e0 48 mois dans le r\u00e9seau constructeur)<\/p>\n<p>*V\u00e9hicule Sous Garantie voir les conditions g\u00e9n\u00e9rales dans nos locaux*<\/p>\n<p>En tr\u00e8s bon \u00e9tat g\u00e9n\u00e9ral, int\u00e9rieur-ext\u00e9rieur tr\u00e8s propre et bien entretenu.<\/p>\n<p>&#8211; Moteur \u00e0 cha\u00eene distribution ( pas de courroie )<\/p>\n<p>&#8211; V\u00e9hicule Vendu Enti\u00e8rement R\u00e9vis\u00e9 Avec Contr\u00f4le Technique \u00e0 jour.<\/p>\n<p>Informations : \u2705<\/p>\n<p>&#8211; Crit&rsquo;Air 2<br \/>\n&#8211; 4 Pneus Neuf<br \/>\n&#8211; Excellent \u00e9tat<br \/>\n&#8211; Double des clefs<br \/>\n&#8211; Histovec disponible<br \/>\n&#8211; Kilom\u00e9trages Certifi\u00e9<br \/>\n&#8211; Carvertical disponible<br \/>\n&#8211; V\u00e9hicule d&rsquo;origine Fran\u00e7aise<br \/>\n&#8211; Carnet d&rsquo;entretien num\u00e9rique Complet<\/p>\n<p>( LES EQUIPEMENTS )<\/p>\n<p>&#8211; Accoudoir<br \/>\n&#8211; Park Assist<br \/>\n&#8211; Phares Xenon<br \/>\n&#8211; Vitre teint\u00e9<br \/>\n&#8211; Allume cigare<br \/>\n&#8211; Ecran tactile<br \/>\n&#8211; Jantes Alliage<br \/>\n&#8211; Follow me home<br \/>\n&#8211; Remote 3D View<br \/>\n&#8211; BMW Display Key<br \/>\n&#8211; Projecteur laser<br \/>\n&#8211; GPS Cartographique<br \/>\n&#8211; Airbags, ABS, Esp<br \/>\n&#8211; Feu stop dynamique<br \/>\n&#8211; Active Guard Plus<br \/>\n&#8211; D\u00e9tecteur de Pluie<br \/>\n&#8211; Si\u00e8ges chauffants<br \/>\n&#8211; Eclairage ambiant<br \/>\n&#8211; Direction assist\u00e9e<br \/>\n&#8211; Volant Multifonction<br \/>\n&#8211; Eclairage d&rsquo;ambiance<br \/>\n&#8211; Services connect\u00e9s<br \/>\n&#8211; Shadow Line brillant<br \/>\n&#8211; Chargeur \u00e0 induction<br \/>\n&#8211; Kit a\u00e9rodynamique M<br \/>\n&#8211; D\u00e9tecteur d&rsquo;Angle mort<br \/>\n&#8211; Assistant de freinage<br \/>\n&#8211; Eclairage directionnel<br \/>\n&#8211; Mod\u00e8le d&rsquo;\u00e9dition Msport<br \/>\n&#8211; Climatisation Automatique<br \/>\n&#8211; Feux antibrouillard LED<br \/>\n&#8211; Toit Panoramique ouvrant<br \/>\n&#8211; Aide au d\u00e9marrage en c\u00f4te<br \/>\n&#8211; Si\u00e8ges Sport Cuir Vernasca<br \/>\n&#8211; Pack a\u00e9rodynamique M-Technic<br \/>\n&#8211; Ciel de pavillon \u00ab\u00a0Anthrazit\u00a0\u00bb<br \/>\n&#8211; Syst\u00e8me Hi-Fi Harman Kardon<br \/>\n&#8211; Commande \u00e9lectrique du hayon<br \/>\n&#8211; Etriers de frein M sport bleu<br \/>\n&#8211; Volant \u00e0 r\u00e9glages \u00e9lectriques<br \/>\n&#8211; Driving Assistant Professional<br \/>\n&#8211; BMW Live Cockpit Professionnel<br \/>\n&#8211; R\u00e9glage des Phares Automatiques<br \/>\n&#8211; Buses de lave-glace chauffantes<br \/>\n&#8211; Affichage des limites de vitesse<br \/>\n&#8211; Suspension pneumatique adaptative<br \/>\n&#8211; Syst\u00e8me de d\u00e9tection de somnolence<br \/>\n&#8211; Syst\u00e8me de protection pi\u00e9tons passif<br \/>\n&#8211; Syst\u00e8me d&rsquo;avertissement de collision<br \/>\n&#8211; Pack assistance au stationnement Plus<br \/>\n&#8211; Mode Eco Pro\/ Adaptive \/ Confort \/ Sport<br \/>\n&#8211; Acc\u00e8s confort (acc\u00e8s-\/d\u00e9marrage sans cl\u00e9)<br \/>\n&#8211; Volant en cuir M sport 3 branches chauffant<br \/>\n&#8211; Syst\u00e8me cameras lat\u00e9rales (Surround View)<br \/>\n&#8211; syst\u00e8me de personalisation (Personal Profile)<br \/>\n&#8211; R\u00e9troviseurs ext\u00e9rieurs \u00e0 att\u00e9nuation automatique<br \/>\n&#8211; R\u00e9gulateur et Limiteur de vitesse avec fonction de freinage<br \/>\n&#8211; Frein de parking \u00e9lectrique avec fonction \u00ab\u00a0Automatic Hold\u00a0\u00bb<br \/>\n&#8211; Volant M gain\u00e9 cuir avec palettes de changement de rapport<br \/>\n&#8211; Actif (active) assistant de franchissement involontaire de ligne<br \/>\n&#8211; Syst\u00e8me Multim\u00e9dia Radio-Cd-USB-Bluetooth-Carplay-TMC-Borne Wi-Fi<br \/>\n&#8211; Aide Au Stationnement Avant et Arri\u00e8re Avec Cam\u00e9ra de Recul + Camera 360\u00b0<br \/>\n&#8211; Syst\u00e8me d&rsquo;assistance de conduite: Active Guard Plus (assistant maintien de trajectoire, alerte de collision avant)<\/p>\n<p>*&#8212;&#8212;&#8212; { AU PLAISIR DE VOUS RENCONTRER PROCHAINEMENT }&#8212;&#8212;&#8212;*<\/p>\n<p>&#8211; Nous restons \u00e0 votre enti\u00e8re disposition pour tout renseignement et pour une visite merci de nous contact\u00e9es pour prendre un Rendez-Vous.<\/p>\n<p>\ud83d\udccd Contact &#038; Informations<br \/>\n\ud83d\udccd Adresse : 23 Rue saglio, 67100 Strasbourg<br \/>\n\ud83d\udd52 Horaires d\u2019ouverture :<br \/>\nLundi &#8211; Vendredi : 9h30 &#8211; 12h00 \/ 14h00 &#8211; 18h00<br \/>\nSamedi : 10h00 &#8211; 14h00<br \/>\nDimanche et jours f\u00e9ri\u00e9s : sur rendez-vous<\/p>\n<p>\ud83d\udcde Contactez-nous pour une visite ou un essai !<br \/>\n\ud83d\ude86 Possibilit\u00e9 de venir vous chercher \u00e0 la gare, l\u2019a\u00e9roport ou la station de tramway la plus proche.<br \/>\n\ud83d\udcc4 Carte grise &#038; d\u00e9marches administratives prises en charge.<\/p>\n<p>\ud83d\udd27 Services du garage SPV MOTORS :<br \/>\n\u2705 Achat &#8211; Vente &#8211; Reprise toutes marques<br \/>\n\u2705 Entretien &#8211; R\u00e9parations &#8211; Diagnostic<br \/>\n\u2705 Polissage et r\u00e9novation d\u2019optiques<br \/>\n\u2705 Carte grise &#038; d\u00e9marches administratives<br \/>\n\u2705 Vente de pneus neufs toutes dimensions (livraison rapide)<\/p>\n<p>*IDEM Bmw X5 X4 X6 X3 X1 serie 1 3 114 116 118 120 GOLF 6 7 308 Audi A3 Q3 Q5 Q7 Mercedes GLE GLA GLS PORSCHE*<\/p>\n","protected":false},"excerpt":{"rendered":"<p>SUV premium puissant et raffin\u00e9, finition M Sport au look sportif et \u00e9l\u00e9gant. Moteur diesel coupleux et performant, transmission xDrive et bo\u00eete automatique 8 rapports pour un confort et une efficacit\u00e9 remarquables. Habitacle spacieux, technologies haut de gamme et prestations premium. V\u00e9hicule id\u00e9al pour allier luxe, confort et dynamisme.<\/p>\n<p>Marque: BMW<\/p>\n<p>Mod\u00e8le: X5<\/p>\n<p>Ann\u00e9e mod\u00e8le: 2019<\/p>\n<p>Kilom\u00e9trage: 99260 km<\/p>\n<p>\u00c9nergie: Diesel<\/p>\n<p>Bo\u00eete de vitesse: Automatique<\/p>\n<p>R\u00e9f\u00e9rence: 20263<\/p>\n","protected":false},"featured_media":415,"template":"","meta":{"site-sidebar-layout":"default","site-content-layout":"","ast-site-content-layout":"default","site-content-style":"default","site-sidebar-style":"default","ast-global-header-display":"","ast-banner-title-visibility":"","ast-main-header-display":"","ast-hfb-above-header-display":"","ast-hfb-below-header-display":"","ast-hfb-mobile-header-display":"","site-post-title":"","ast-breadcrumbs-content":"","ast-featured-img":"","footer-sml-layout":"","theme-transparent-header-meta":"default","adv-header-id-meta":"","stick-header-meta":"","header-above-stick-meta":"","header-main-stick-meta":"","header-below-stick-meta":"","astra-migrate-meta-layouts":"set","ast-page-background-enabled":"default","ast-page-background-meta":{"desktop":{"background-color":"var(--ast-global-color-5)","background-image":"","background-repeat":"repeat","background-position":"center center","background-size":"auto","background-attachment":"scroll","background-type":"","background-media":"","overlay-type":"","overlay-color":"","overlay-opacity":"","overlay-gradient":""},"tablet":{"background-color":"","background-image":"","background-repeat":"repeat","background-position":"center center","background-size":"auto","background-attachment":"scroll","background-type":"","background-media":"","overlay-type":"","overlay-color":"","overlay-opacity":"","overlay-gradient":""},"mobile":{"background-color":"","background-image":"","background-repeat":"repeat","background-position":"center center","background-size":"auto","background-attachment":"scroll","background-type":"","background-media":"","overlay-type":"","overlay-color":"","overlay-opacity":"","overlay-gradient":""}},"ast-content-background-meta":{"desktop":{"background-color":"var(--ast-global-color-4)","background-image":"","background-repeat":"repeat","background-position":"center center","background-size":"auto","background-attachment":"scroll","background-type":"","background-media":"","overlay-type":"","overlay-color":"","overlay-opacity":"","overlay-gradient":""},"tablet":{"background-color":"var(--ast-global-color-4)","background-image":"","background-repeat":"repeat","background-position":"center center","background-size":"auto","background-attachment":"scroll","background-type":"","background-media":"","overlay-type":"","overlay-color":"","overlay-opacity":"","overlay-gradient":""},"mobile":{"background-color":"var(--ast-global-color-4)","background-image":"","background-repeat":"repeat","background-position":"center center","background-size":"auto","background-attachment":"scroll","background-type":"","background-media":"","overlay-type":"","overlay-color":"","overlay-opacity":"","overlay-gradient":""}}},"product_brand":[17],"product_cat":[18],"product_tag":[],"class_list":{"0":"post-414","1":"product","2":"type-product","3":"status-publish","4":"has-post-thumbnail","6":"product_brand-bmw","7":"product_cat-vehicule","8":"desktop-align-left","9":"tablet-align-left","10":"mobile-align-left","12":"first","13":"instock","14":"shipping-taxable","15":"purchasable","16":"product-type-simple"},"jetpack_sharing_enabled":true,"_links":{"self":[{"href":"https:\/\/spvmotors.com\/index.php\/wp-json\/wp\/v2\/product\/414","targetHints":{"allow":["GET"]}}],"collection":[{"href":"https:\/\/spvmotors.com\/index.php\/wp-json\/wp\/v2\/product"}],"about":[{"href":"https:\/\/spvmotors.com\/index.php\/wp-json\/wp\/v2\/types\/product"}],"wp:featuredmedia":[{"embeddable":true,"href":"https:\/\/spvmotors.com\/index.php\/wp-json\/wp\/v2\/media\/415"}],"wp:attachment":[{"href":"https:\/\/spvmotors.com\/index.php\/wp-json\/wp\/v2\/media?parent=414"}],"wp:term":[{"taxonomy":"product_brand","embeddable":true,"href":"https:\/\/spvmotors.com\/index.php\/wp-json\/wp\/v2\/product_brand?post=414"},{"taxonomy":"product_cat","embeddable":true,"href":"https:\/\/spvmotors.com\/index.php\/wp-json\/wp\/v2\/product_cat?post=414"},{"taxonomy":"product_tag","embeddable":true,"href":"https:\/\/spvmotors.com\/index.php\/wp-json\/wp\/v2\/product_tag?post=414"}],"curies":[{"name":"wp","href":"https:\/\/api.w.org\/{rel}","templated":true}]}}