{"id":397,"date":"2026-01-23T14:29:35","date_gmt":"2026-01-23T14:29:35","guid":{"rendered":"http:\/\/spvmotors.com\/?post_type=product&#038;p=397"},"modified":"2026-01-23T14:50:33","modified_gmt":"2026-01-23T14:50:33","slug":"volkswagen-golf-7","status":"publish","type":"product","link":"https:\/\/spvmotors.com\/index.php\/product\/volkswagen-golf-7\/","title":{"rendered":"VOLKSWAGEN Golf 7"},"content":{"rendered":"<p>Au service de ses clients, SPV MOTORS s\u2019engage \u00e0 vous proposer des v\u00e9hicules rigoureusement s\u00e9lectionn\u00e9s ainsi qu\u2019un accompagnement s\u00e9rieux et de qualit\u00e9.<\/p>\n<p>SPV MOTORS vous propose \u00e0 la vente cette Superbe VOLKSWAGEN Golf 7 1.2 TSI 105 Cv Carat BlueMotion Tech, Mise en circulation le 29\/11\/2013, Garantie 12 Mois.(Possibilit\u00e9 d&rsquo;extension de 6 \u00e0 48 mois dans le r\u00e9seau constructeur)<\/p>\n<p>V\u00e9hicule tr\u00e8s \u00c9conomique et bien entretenue.<\/p>\n<p>*V\u00e9hicule Sous Garantie voir les conditions g\u00e9n\u00e9rales dans nos locaux*<\/p>\n<p>En tr\u00e8s bon \u00e9tat g\u00e9n\u00e9ral, int\u00e9rieur-ext\u00e9rieur tr\u00e8s propre et bien entretenu.<\/p>\n<p>&#8211; Kit Courroie de distribution a \u00e9t\u00e9 remplac\u00e9e \u00e0 94.901 Kilom\u00e8tres<\/p>\n<p>&#8211; V\u00e9hicule Vendu Enti\u00e8rement R\u00e9vis\u00e9 Avec Contr\u00f4le Technique \u00e0 jour.<\/p>\n<p>Informations : \u2705<\/p>\n<p>&#8211; Crit&rsquo;Air 1<br \/>\n&#8211; Excellent \u00e9tat<br \/>\n&#8211; Double des clefs<br \/>\n&#8211; Histovec disponible<br \/>\n&#8211; Kilom\u00e9trages Certifi\u00e9<br \/>\n&#8211; Carvertical disponible<br \/>\n&#8211; V\u00e9hicule d&rsquo;origine Fran\u00e7aise<br \/>\n&#8211; Carnet d&rsquo;entretien Complet + factures<\/p>\n<p>( LES EQUIPEMENTS )<\/p>\n<p>&#8211; Auto Hold<br \/>\n&#8211; Volant Cuir<br \/>\n&#8211; Airbags, ABS<br \/>\n&#8211; Climatisation<br \/>\n&#8211; Jantes Alliage<br \/>\n&#8211; Accoudoir Avant<br \/>\n&#8211; Ordinateur de bord<br \/>\n&#8211; Direction assist\u00e9e<br \/>\n&#8211; Volant Multifonction<br \/>\n&#8211; Fermeture centralis\u00e9e<br \/>\n&#8211; Carnet d&rsquo;entretien \u00e0 jour<br \/>\n&#8211; Projecteur Anti Brouillard<br \/>\n&#8211; R\u00e9glages des Phares Automatique<br \/>\n&#8211; Frein de stationnement \u00e9lectrique<br \/>\n&#8211; Capteur de d\u00e9tection de somnolence<br \/>\n&#8211; R\u00e9gulateur de vitesse adaptatif ACC<br \/>\n&#8211; Aide Au Stationnement Avant et Arri\u00e8re<br \/>\n&#8211; Si\u00e8ges Sport Semi-Alcantara + R\u00e9glable<br \/>\n&#8211; Syst\u00e8me multim\u00e9dia Radio-Cd-Mp3-Aux-Bluetooth<br \/>\n&#8211; Assistant maintien de trajectoire (lane assist)<br \/>\n&#8211; R\u00e9troviseur ext\u00e9rieur rabattable \u00e9lectriquement<br \/>\n&#8211; Vitres + R\u00e9tros r\u00e9glables \u00e9lectrique + D\u00e9givrant<br \/>\n&#8211; Syst\u00e8me avertisseur de collision avec fonction freinage (Collision Prevention Assist)<\/p>\n<p>*&#8212;&#8212;&#8212; { AU PLAISIR DE VOUS RENCONTRER PROCHAINEMENT }&#8212;&#8212;&#8212;*<\/p>\n<p>&#8211; Nous restons \u00e0 votre enti\u00e8re disposition pour tout renseignement et pour une visite merci de nous contact\u00e9es pour prendre un Rendez-Vous.<\/p>\n<p>\ud83d\udccd Contact &#038; Informations<br \/>\n\ud83d\udccd Adresse : 23 Rue saglio, 67100 Strasbourg<br \/>\n\ud83d\udd52 Horaires d\u2019ouverture :<br \/>\nLundi &#8211; Vendredi : 9h30 &#8211; 12h00 \/ 14h00 &#8211; 18h00<br \/>\nSamedi : 10h00 &#8211; 14h00<br \/>\nDimanche et jours f\u00e9ri\u00e9s : sur rendez-vous<\/p>\n<p>\ud83d\udcde Contactez-nous pour une visite ou un essai !<br \/>\n\ud83d\ude86 Possibilit\u00e9 de venir vous chercher \u00e0 la gare, l\u2019a\u00e9roport ou la station de tramway la plus proche.<br \/>\n\ud83d\udcc4 Carte grise &#038; d\u00e9marches administratives prises en charge.<\/p>\n<p>\ud83d\udd27 Services du garage SPV MOTORS :<br \/>\n\u2705 Achat &#8211; Vente &#8211; Reprise toutes marques<br \/>\n\u2705 Entretien &#8211; R\u00e9parations &#8211; Diagnostic<br \/>\n\u2705 Polissage et r\u00e9novation d\u2019optiques<br \/>\n\u2705 Carte grise &#038; d\u00e9marches administratives<br \/>\n\u2705 Vente de pneus neufs toutes dimensions (livraison rapide)<\/p>\n<p>*IDEM Bmw X5 X4 X6 X3 X1 serie 1 3 114 116 118 120 GOLF 6 7 308 Audi A3 Q3 Q5 Q7 Mercedes GLE GLA GLS PORSCHE*<\/p>\n","protected":false},"excerpt":{"rendered":"<p>Compacte polyvalente et confortable, reconnue pour sa fiabilit\u00e9 et sa qualit\u00e9 de finition. Moteur essence souple et \u00e9conomique, id\u00e9al pour la ville comme pour la route. Tenue de route agr\u00e9able, habitacle spacieux et bien \u00e9quip\u00e9. V\u00e9hicule s\u00fbr et plaisant \u00e0 conduire.<\/p>\n<p>Marque: VOLKSWAGEN<\/p>\n<p>Mod\u00e8le: Golf<\/p>\n<p>Ann\u00e9e mod\u00e8le: 2014<\/p>\n<p>Kilom\u00e9trage: 131785 km<\/p>\n<p>\u00c9nergie: Essence<\/p>\n<p>Bo\u00eete de vitesse: Manuelle<\/p>\n<p>R\u00e9f\u00e9rence: 20268<\/p>\n","protected":false},"featured_media":398,"template":"","meta":{"site-sidebar-layout":"default","site-content-layout":"","ast-site-content-layout":"default","site-content-style":"default","site-sidebar-style":"default","ast-global-header-display":"","ast-banner-title-visibility":"","ast-main-header-display":"","ast-hfb-above-header-display":"","ast-hfb-below-header-display":"","ast-hfb-mobile-header-display":"","site-post-title":"","ast-breadcrumbs-content":"","ast-featured-img":"","footer-sml-layout":"","theme-transparent-header-meta":"default","adv-header-id-meta":"","stick-header-meta":"","header-above-stick-meta":"","header-main-stick-meta":"","header-below-stick-meta":"","astra-migrate-meta-layouts":"set","ast-page-background-enabled":"default","ast-page-background-meta":{"desktop":{"background-color":"var(--ast-global-color-5)","background-image":"","background-repeat":"repeat","background-position":"center center","background-size":"auto","background-attachment":"scroll","background-type":"","background-media":"","overlay-type":"","overlay-color":"","overlay-opacity":"","overlay-gradient":""},"tablet":{"background-color":"","background-image":"","background-repeat":"repeat","background-position":"center center","background-size":"auto","background-attachment":"scroll","background-type":"","background-media":"","overlay-type":"","overlay-color":"","overlay-opacity":"","overlay-gradient":""},"mobile":{"background-color":"","background-image":"","background-repeat":"repeat","background-position":"center center","background-size":"auto","background-attachment":"scroll","background-type":"","background-media":"","overlay-type":"","overlay-color":"","overlay-opacity":"","overlay-gradient":""}},"ast-content-background-meta":{"desktop":{"background-color":"var(--ast-global-color-4)","background-image":"","background-repeat":"repeat","background-position":"center center","background-size":"auto","background-attachment":"scroll","background-type":"","background-media":"","overlay-type":"","overlay-color":"","overlay-opacity":"","overlay-gradient":""},"tablet":{"background-color":"var(--ast-global-color-4)","background-image":"","background-repeat":"repeat","background-position":"center center","background-size":"auto","background-attachment":"scroll","background-type":"","background-media":"","overlay-type":"","overlay-color":"","overlay-opacity":"","overlay-gradient":""},"mobile":{"background-color":"var(--ast-global-color-4)","background-image":"","background-repeat":"repeat","background-position":"center center","background-size":"auto","background-attachment":"scroll","background-type":"","background-media":"","overlay-type":"","overlay-color":"","overlay-opacity":"","overlay-gradient":""}}},"product_brand":[20],"product_cat":[18],"product_tag":[],"class_list":{"0":"post-397","1":"product","2":"type-product","3":"status-publish","4":"has-post-thumbnail","6":"product_brand-volkswagen","7":"product_cat-vehicule","8":"desktop-align-left","9":"tablet-align-left","10":"mobile-align-left","12":"first","13":"instock","14":"shipping-taxable","15":"purchasable","16":"product-type-simple"},"jetpack_sharing_enabled":true,"_links":{"self":[{"href":"https:\/\/spvmotors.com\/index.php\/wp-json\/wp\/v2\/product\/397","targetHints":{"allow":["GET"]}}],"collection":[{"href":"https:\/\/spvmotors.com\/index.php\/wp-json\/wp\/v2\/product"}],"about":[{"href":"https:\/\/spvmotors.com\/index.php\/wp-json\/wp\/v2\/types\/product"}],"wp:featuredmedia":[{"embeddable":true,"href":"https:\/\/spvmotors.com\/index.php\/wp-json\/wp\/v2\/media\/398"}],"wp:attachment":[{"href":"https:\/\/spvmotors.com\/index.php\/wp-json\/wp\/v2\/media?parent=397"}],"wp:term":[{"taxonomy":"product_brand","embeddable":true,"href":"https:\/\/spvmotors.com\/index.php\/wp-json\/wp\/v2\/product_brand?post=397"},{"taxonomy":"product_cat","embeddable":true,"href":"https:\/\/spvmotors.com\/index.php\/wp-json\/wp\/v2\/product_cat?post=397"},{"taxonomy":"product_tag","embeddable":true,"href":"https:\/\/spvmotors.com\/index.php\/wp-json\/wp\/v2\/product_tag?post=397"}],"curies":[{"name":"wp","href":"https:\/\/api.w.org\/{rel}","templated":true}]}}